{"id":6672,"date":"2025-07-23T05:26:41","date_gmt":"2025-07-23T05:26:41","guid":{"rendered":"https:\/\/cpath.ca\/?page_id=6672"},"modified":"2026-03-23T19:37:27","modified_gmt":"2026-03-23T19:37:27","slug":"resources","status":"publish","type":"page","link":"https:\/\/cpath.ca\/fr\/resources\/","title":{"rendered":"D\u00e9clarations et politiques"},"content":{"rendered":"<p>[et_pb_section fb_built=&#8221;1&#8243; _builder_version=&#8221;4.27.4&#8243; _module_preset=&#8221;default&#8221; global_colors_info=&#8221;{}&#8221;][et_pb_row _builder_version=&#8221;4.27.4&#8243; _module_preset=&#8221;default&#8221; custom_padding=&#8221;23px|||||&#8221; global_colors_info=&#8221;{}&#8221;][et_pb_column type=&#8221;4_4&#8243; _builder_version=&#8221;4.27.4&#8243; _module_preset=&#8221;default&#8221; global_colors_info=&#8221;{}&#8221;][et_pb_text _builder_version=&#8221;4.27.6&#8243; _module_preset=&#8221;default&#8221; global_colors_info=&#8221;{}&#8221;]<\/p>\n<p><strong>CPATH Ethical Guidelines for Research Involving Transgender People &amp; Communities<\/strong><\/p>\n<ul>\n<li><a href=\"https:\/\/cpath.ca\/wp-content\/uploads\/2025\/07\/CPATH-Ethical-Guidelines-EN.pdf\" rel=\"attachment wp-att-6677\">English<\/a><\/li>\n<li><a href=\"https:\/\/cpath.ca\/wp-content\/uploads\/2025\/07\/CPATH-Ethical-Guidelines-FR.pdf\" rel=\"attachment wp-att-6678\">French<\/a><\/li>\n<\/ul>\n<p><strong>CPATH Statements, Letters, and Positions<\/strong><\/p>\n<p>As CPATH develops as an organization, so does its commitment to clear statements with regards to standards, policy, and positions. Developed by committees and approved by the board, national consensus statements, letters, and positions are available to the health care providers, federal and provincial institutions, and members of the general public.<\/p>\n<p><span style=\"text-decoration: underline;\">2026<\/span><\/p>\n<ul>\n<li><a href=\"https:\/\/cpath.ca\/wp-content\/uploads\/2026\/03\/En-CPATH-Statement-on-Access-to-Gender-Affirming-Surgeries-in-Canada.pdf\" rel=\"attachment wp-att-6933\">CPATH Statement on Access to Gender-Affirming Surgeries in Canada<\/a> (Mar)<\/li>\n<li><a href=\"https:\/\/cpath.ca\/wp-content\/uploads\/2026\/03\/Fr-CPATH-Statement-on-Access-to-Gender-Affirming-Surgeries-in-Canada.pdf\" rel=\"attachment wp-att-6936\">D\u00e9claration de la CPATH sur l&#8217;acc\u00e8s aux chirurgies d&#8217;affirmation de genre au Canada<\/a> (Mar)<\/li>\n<\/ul>\n<p><span style=\"text-decoration: underline;\">2025<\/span><\/p>\n<ul>\n<li><a href=\"https:\/\/cpath.ca\/wp-content\/uploads\/2025\/10\/Eng-CPATH-Alberta-statement-Oct-16-2025.pdf\">Statement from the Canadian Professional Association for Transgender Health (CPATH) on the Alberta Government\u2019s Anti-Trans Legislation and the Use of the Notwithstanding Clause<\/a> (Oct)<\/li>\n<li><a href=\"https:\/\/cpath.ca\/wp-content\/uploads\/2025\/10\/Fr-CPATH-Alberta-statement-Oct-16-2025.pdf\">D\u00e9claration de l&#8217;Association professionnelle canadienne pour la sant\u00e9 transgenre (CPATH) sur la l\u00e9gislation anti-transgenres du gouvernement de l&#8217;Alberta et le recours \u00e0 la clause d\u00e9rogatoire<\/a> (Oct)<\/li>\n<\/ul>\n<p><span style=\"text-decoration: underline;\">2020<\/span><\/p>\n<ul>\n<li><a href=\"https:\/\/cpath.ca\/wp-content\/uploads\/2025\/07\/Statement-Regarding-Medical-Affirming-Treatment-including-Puberty-Blockers-for-Transgender-Adolescents-\u2013-WPATH-EPATH-USPATH-AsiaPATH-CPATH-AusPATH-PATHA-Response-to-Bell-v.-Tavistock-Judgment.pdf\" rel=\"attachment wp-att-6696\">Statement Regarding Medical Affirming Treatment including Puberty Blockers for Transgender Adolescents \u2013 WPATH, EPATH, USPATH, AsiaPATH, CPATH, AusPATH, PATHA Response to Bell v. Tavistock Judgment<\/a><\/li>\n<li><a href=\"https:\/\/cpath.ca\/wp-content\/uploads\/2025\/07\/CPATH-Position-Statement-on-rapid-onset-gender-dysphoria.pdf\" rel=\"attachment wp-att-6697\">CPATH Position Statement on \u201crapid-onset gender dysphoria\u201d<\/a><\/li>\n<\/ul>\n<p><span style=\"text-decoration: underline;\">2015<\/span><\/p>\n<ul>\n<li><a href=\"https:\/\/cpath.ca\/wp-content\/uploads\/2025\/07\/CPATH-Bill-77-Submission-Affirming-Sexual-Orientation-and-Gender-Identity-Act-2015.pdf\" rel=\"attachment wp-att-6679\">Bill 77 Submission Affirming Sexual Orientation and Gender Identity Act 2015<\/a> (Sep)<\/li>\n<li><a href=\"https:\/\/cpath.ca\/wp-content\/uploads\/2025\/07\/Literature-Review-to-Support-Health-Service-Planning-for-Transgender-People.pdf\" rel=\"attachment wp-att-6680\">Literature Review to Support Health Service Planning for Transgender People<\/a> (Sep)<\/li>\n<li><a href=\"https:\/\/cpath.ca\/wp-content\/uploads\/2025\/07\/New-Brunswick-Medicare-Coverage-for-Gender-Related-Medical-Care-Explicit-Human-Rights-Inclusion-and-Sex-Designation-Change-on-Identification-Documents.pdf\" rel=\"attachment wp-att-6681\">New Brunswick Medicare Coverage for Gender Related Medical Care, Explicit Human Rights Inclusion and Sex Designation Change on Identification Documents<\/a> (Jun)<\/li>\n<\/ul>\n<p><span style=\"text-decoration: underline;\">2014<\/span><\/p>\n<ul>\n<li><a href=\"https:\/\/cpath.ca\/wp-content\/uploads\/2025\/07\/Canadian-Council-for-Refugees-Open-Letter-Budget-Bill-Restricts-Access-to-Social-Assistance-for-Refugee-Claimants.pdf\" rel=\"attachment wp-att-6682\">Canadian Council for Refugees Open Letter-Budget Bill Restricts Access to Social Assistance for Refugee Claimants<\/a> (Nov)<\/li>\n<\/ul>\n<p><span style=\"text-decoration: underline;\">2013<\/span><\/p>\n<ul>\n<li><a href=\"https:\/\/cpath.ca\/wp-content\/uploads\/2025\/07\/CPATH-letter-to-NS-Minister-of-Health-and-Wellness.pdf\" rel=\"attachment wp-att-6683\">CPATH letter to NS Minister of Health and Wellness<\/a> (Jun)<\/li>\n<li><a href=\"https:\/\/cpath.ca\/wp-content\/uploads\/2025\/09\/2013-Lettre-de-soutien-au-projet-de-loi-35-QC.pdf\">Lettre de Soutien au Qu\u00e9bec\u00a0Projet de loi 35<\/a> (May)<\/li>\n<\/ul>\n<p><span style=\"text-decoration: underline;\">2012<\/span><\/p>\n<ul>\n<li><a href=\"https:\/\/cpath.ca\/wp-content\/uploads\/2025\/07\/CPATH-Letter-of-Resolution-to-Minister-of-Justice-Re-Safe-Regulation-of-Sex-Work.pdf\" rel=\"attachment wp-att-6684\">CPATH Letter of Resolution to Minister of Justice Re Safe Regulation of Sex Work<\/a> (Apr)<\/li>\n<li><a href=\"https:\/\/cpath.ca\/wp-content\/uploads\/2025\/07\/CPATH-Letter-to-Ministers-of-Health.pdf\" rel=\"attachment wp-att-6685\">CPATH Letter to Ministers of Health<\/a> (Feb)<\/li>\n<li><a href=\"https:\/\/cpath.ca\/wp-content\/uploads\/2025\/07\/Lettre-aux-Ministres-provinciaux-de-la-sante.pdf\" rel=\"attachment wp-att-6686\">Lettre aux Ministres provinciaux de la sant\u00e9<\/a> (Fev)<\/li>\n<\/ul>\n<p><span style=\"text-decoration: underline;\">2011<\/span><\/p>\n<ul>\n<li><a href=\"https:\/\/cpath.ca\/wp-content\/uploads\/2025\/07\/CPATH-Bill-C-389-to-Senate.pdf\" rel=\"attachment wp-att-6687\">CPATH Bill C-389 to Senate<\/a> (Feb)<\/li>\n<li><a href=\"https:\/\/cpath.ca\/wp-content\/uploads\/2025\/07\/CPATH-Bill-C-389-to-Parliament.pdf\" rel=\"attachment wp-att-6688\">CPATH Bill C-389 to Parliament<\/a> (Feb)<\/li>\n<\/ul>\n<p><span style=\"text-decoration: underline;\">2010<\/span><\/p>\n<ul>\n<li><a href=\"https:\/\/cpath.ca\/wp-content\/uploads\/2025\/07\/CPATH-Bill-C-389-to-Committee.pdf\" rel=\"attachment wp-att-6693\">CPATH Bill C-389 to Committee<\/a> (Jun)<\/li>\n<li><a href=\"https:\/\/cpath.ca\/wp-content\/uploads\/2025\/07\/CPATH-Human-Rights-Bill-C-389.pdf\" rel=\"attachment wp-att-6692\">CPATH Human Rights Bill C-389<\/a> (May)<\/li>\n<li><a href=\"https:\/\/cpath.ca\/wp-content\/uploads\/2025\/07\/WPATH-De-psychopathologisation-Statement.pdf\" rel=\"attachment wp-att-6689\">WPATH De-psychopathologisation Statement<\/a> (May)<\/li>\n<li><a href=\"https:\/\/cpath.ca\/wp-content\/uploads\/2025\/07\/EGALE-CPATH-Bill-C-389-May-2010.pdf\" rel=\"attachment wp-att-6690\">EGALE-CPATH Bill C-389<\/a> (Apr)<\/li>\n<li><a href=\"https:\/\/cpath.ca\/wp-content\/uploads\/2025\/07\/CPATH-Position-Statement-PDF-DSM5-and-ICD11.pdf\" rel=\"attachment wp-att-6691\">CPATH Position Statement PDF-DSM5 and ICD11<\/a> (Mar)<\/li>\n<\/ul>\n<p><span style=\"text-decoration: underline;\">2009<\/span><\/p>\n<ul>\n<li><a href=\"https:\/\/cpath.ca\/wp-content\/uploads\/2025\/07\/CPATH-Position-Statement-Standards-of-Care.pdf\" rel=\"attachment wp-att-6695\">CPATH Position Statement Standards of Care<\/a> (Jun)<\/li>\n<li><a href=\"https:\/\/cpath.ca\/wp-content\/uploads\/2025\/07\/CPATH-EGALE-AB-Delisting.pdf\" rel=\"attachment wp-att-6694\">CPATH-EGALE AB Delisting<\/a> (Apr)<\/li>\n<\/ul>\n<div style=\"all: initial;\" class=\"notranslate\"><\/div>\n<p>[\/et_pb_text][\/et_pb_column][\/et_pb_row][\/et_pb_section]<\/p>\n","protected":false},"excerpt":{"rendered":"<p>CPATH Ethical Guidelines for Research Involving Transgender People &amp; Communities English French CPATH Statements, Letters, and Positions As CPATH develops as an organization, so does its commitment to clear statements with regards to standards, policy, and positions. Developed by committees and approved by the board, national consensus statements, letters, and positions are available to the [&hellip;]<\/p>\n","protected":false},"author":10,"featured_media":0,"parent":0,"menu_order":0,"comment_status":"closed","ping_status":"closed","template":"","meta":{"_et_pb_use_builder":"on","_et_pb_old_content":"<!-- wp:divi\/placeholder \/-->","_et_gb_content_width":"","footnotes":""},"class_list":["post-6672","page","type-page","status-publish","hentry"],"_links":{"self":[{"href":"https:\/\/cpath.ca\/fr\/wp-json\/wp\/v2\/pages\/6672","targetHints":{"allow":["GET"]}}],"collection":[{"href":"https:\/\/cpath.ca\/fr\/wp-json\/wp\/v2\/pages"}],"about":[{"href":"https:\/\/cpath.ca\/fr\/wp-json\/wp\/v2\/types\/page"}],"author":[{"embeddable":true,"href":"https:\/\/cpath.ca\/fr\/wp-json\/wp\/v2\/users\/10"}],"replies":[{"embeddable":true,"href":"https:\/\/cpath.ca\/fr\/wp-json\/wp\/v2\/comments?post=6672"}],"version-history":[{"count":11,"href":"https:\/\/cpath.ca\/fr\/wp-json\/wp\/v2\/pages\/6672\/revisions"}],"predecessor-version":[{"id":6941,"href":"https:\/\/cpath.ca\/fr\/wp-json\/wp\/v2\/pages\/6672\/revisions\/6941"}],"wp:attachment":[{"href":"https:\/\/cpath.ca\/fr\/wp-json\/wp\/v2\/media?parent=6672"}],"curies":[{"name":"wp","href":"https:\/\/api.w.org\/{rel}","templated":true}]}}